{"id":11990,"date":"2025-09-03T14:31:47","date_gmt":"2025-09-03T20:31:47","guid":{"rendered":"https:\/\/upping.life\/?page_id=11990"},"modified":"2025-09-03T14:46:30","modified_gmt":"2025-09-03T20:46:30","slug":"historia-porunahondurasfeliz","status":"publish","type":"page","link":"https:\/\/upping.life\/en\/historia-porunahondurasfeliz\/","title":{"rendered":"Historia &#8211; Por Una Honduras Feliz"},"content":{"rendered":"<div data-elementor-type=\"wp-page\" data-elementor-id=\"11990\" class=\"elementor elementor-11990\" data-elementor-post-type=\"page\">\n\t\t\t\t<div class=\"elementor-element elementor-element-cfe11a6 e-con-full e-flex e-con e-parent\" data-id=\"cfe11a6\" data-element_type=\"container\">\n\t\t<div class=\"elementor-element elementor-element-e97e378 e-flex e-con-boxed e-con e-child\" data-id=\"e97e378\" data-element_type=\"container\">\n\t\t\t\t\t<div class=\"e-con-inner\">\n\t\t\t\t<div class=\"elementor-element-custom_font_size elementor-element-custom_font_weight elementor-element-custom_color elementor-element elementor-element-e1586bb elementor-widget elementor-widget-text-editor\" data-id=\"e1586bb\" data-element_type=\"widget\" data-widget_type=\"text-editor.default\">\n\t\t\t\t<div class=\"elementor-widget-container\">\n\t\t\t\t\t\t\t\t\t<p>For a Happy Honduras<\/p>\t\t\t\t\t\t\t\t<\/div>\n\t\t\t\t<\/div>\n\t\t\t\t<div class=\"elementor-element-custom_font_size elementor-element-custom_font_size_tablet elementor-element-custom_font_size_mobile elementor-element-custom_line_height elementor-element-custom_font_weight elementor-element-custom_color elementor-element elementor-element-5ccb8ea gt3-text-images elementor-invisible elementor-widget elementor-widget-text-editor\" data-id=\"5ccb8ea\" data-element_type=\"widget\" data-settings=\"{&quot;_animation&quot;:&quot;fadeIn&quot;}\" data-widget_type=\"text-editor.default\">\n\t\t\t\t<div class=\"elementor-widget-container\">\n\t\t\t\t\t\t\t\t\tUPPING LIFE was born in 2005 <span class=\"gt3-bg-element gt3-bg-element-star\" style=\"background-image: url('https:\/\/upping.life\/wp-content\/uploads\/2025\/09\/colibri.png');\"><\/span> with the vision of promoting a triple-impact business model: people, planet, and prosperity. From this vision emerged Por Una Honduras Feliz ONGD (PUHF), initially conceived as the company&#039;s social responsibility arm.\n\t\t\t\t\t\t\t\t<\/div>\n\t\t\t\t<\/div>\n\t\t\t\t<div class=\"gt3-core-button--alignment_center elementor-element elementor-element-be1c180 elementor-widget elementor-widget-gt3-core-button\" data-id=\"be1c180\" data-element_type=\"widget\" data-widget_type=\"gt3-core-button.default\">\n\t\t\t\t<div class=\"elementor-widget-container\">\n\t\t\t\t\t\t<div class=\"gt3_module_button_elementor size_custom alignment_center button_icon_icon hover_none\">\r\n\t\t<a class=\"button_size_elementor_custom alignment_center border_icon_icon hover_none btn_icon_position_right\" href=\"#masinformacion\">\r\n\t\t\t\t<span class=\"gt3_module_button__container\">\r\n\t\t\t\t\t\t\t\t\t\t\t<span class=\"gt3_module_button__cover front\"><span class=\"elementor_gt3_btn_text\">Continue reading<\/span><span class=\"elementor_btn_icon_container\"><span class=\"elementor_gt3_btn_icon\"><\/span><\/span><\/span>\r\n\t\t\t\t\t\t\t\t\t\t\t\t\t\t\t<\/span>\r\n\t\t<\/a>\r\n\t<\/div>\r\n\r\n<script type=\"application\/json\" id=\"settings--be1c180\">[]<\/script>\t\t\t\t<\/div>\n\t\t\t\t<\/div>\n\t\t\t\t\t<\/div>\n\t\t\t\t<\/div>\n\t\t\t\t<\/div>\n\t\t<div class=\"elementor-element elementor-element-2639990e e-con-full e-flex e-con e-parent\" data-id=\"2639990e\" data-element_type=\"container\" data-settings=\"{&quot;background_background&quot;:&quot;video&quot;,&quot;background_play_on_mobile&quot;:&quot;yes&quot;,&quot;animation&quot;:&quot;none&quot;}\">\n\t\t<div class=\"elementor-element elementor-element-7b52e07 e-con-full e-flex e-con e-child\" data-id=\"7b52e07\" data-element_type=\"container\">\n\t\t<div class=\"elementor-element elementor-element-73aff10d e-con-full e-grid e-con e-child\" data-id=\"73aff10d\" data-element_type=\"container\">\n\t\t<div class=\"elementor-element elementor-element-3228f82e e-con-full e-flex e-con e-child\" data-id=\"3228f82e\" data-element_type=\"container\">\n\t\t\t\t<div class=\"elementor-element-custom_font_size elementor-element-custom_line_height elementor-element-custom_font_weight elementor-element-custom_color elementor-element elementor-element-297e8768 elementor-widget__width-initial elementor-widget elementor-widget-text-editor\" data-id=\"297e8768\" data-element_type=\"widget\" data-widget_type=\"text-editor.default\">\n\t\t\t\t<div class=\"elementor-widget-container\">\n\t\t\t\t\t\t\t\t\t<p>\u201cFrom social responsibility to generational legacy\u201d<\/p>\t\t\t\t\t\t\t\t<\/div>\n\t\t\t\t<\/div>\n\t\t\t\t<\/div>\n\t\t<div class=\"elementor-element elementor-element-5f2f55e9 e-con-full e-flex e-con e-child\" data-id=\"5f2f55e9\" data-element_type=\"container\">\n\t\t\t\t<div class=\"elementor-element-custom_font_size elementor-element-custom_font_size_tablet elementor-element-custom_line_height elementor-element-custom_font_weight elementor-element-custom_color elementor-element elementor-element-522a8c97 elementor-widget elementor-widget-text-editor\" data-id=\"522a8c97\" data-element_type=\"widget\" data-widget_type=\"text-editor.default\">\n\t\t\t\t<div class=\"elementor-widget-container\">\n\t\t\t\t\t\t\t\t\tFor a Happy Honduras: the purpose of UPPING LIFE made nation\t\t\t\t\t\t\t\t<\/div>\n\t\t\t\t<\/div>\n\t\t\t\t<\/div>\n\t\t\t\t<\/div>\n\t\t\t\t<\/div>\n\t\t\t\t<\/div>\n\t\t<div class=\"elementor-element elementor-element-f9c30cc e-con-full e-flex e-con e-parent\" data-id=\"f9c30cc\" data-element_type=\"container\" id=\"masinformacion\" data-settings=\"{&quot;background_background&quot;:&quot;classic&quot;}\">\n\t\t<div class=\"elementor-element elementor-element-757d39c4 e-con-full e-flex e-con e-child\" data-id=\"757d39c4\" data-element_type=\"container\">\n\t\t<div class=\"elementor-element elementor-element-7b3b5686 e-con-full e-flex e-con e-child\" data-id=\"7b3b5686\" data-element_type=\"container\">\n\t\t\t\t<div class=\"elementor-element-custom_font_size elementor-element-custom_line_height elementor-element-custom_font_family elementor-element-custom_font_weight elementor-element-custom_color elementor-element elementor-element-7128641f elementor-widget elementor-widget-text-editor\" data-id=\"7128641f\" data-element_type=\"widget\" data-widget_type=\"text-editor.default\">\n\t\t\t\t<div class=\"elementor-widget-container\">\n\t\t\t\t\t\t\t\t\t<p>Our history<\/p>\t\t\t\t\t\t\t\t<\/div>\n\t\t\t\t<\/div>\n\t\t\t\t<\/div>\n\t\t<div class=\"elementor-element elementor-element-3b879b10 e-con-full e-flex e-con e-child\" data-id=\"3b879b10\" data-element_type=\"container\">\n\t\t\t\t<div class=\"elementor-element-custom_font_size elementor-element-custom_font_size_tablet elementor-element-custom_line_height elementor-element-custom_line_height_tablet elementor-element-custom_font_weight elementor-element-custom_color elementor-element elementor-element-6cd093d4 elementor-widget elementor-widget-text-editor\" data-id=\"6cd093d4\" data-element_type=\"widget\" data-widget_type=\"text-editor.default\">\n\t\t\t\t<div class=\"elementor-widget-container\">\n\t\t\t\t\t\t\t\t\tIn 2018, PUHF took a decisive step by legally establishing itself as a Non-Governmental Development Organization (NGDO) with legal status in Honduras. Since then, it has evolved from a social arm to a national platform for transformation, leading education, cultural, and social regeneration programs throughout the country.\n\t\t\t\t\t\t\t\t<\/div>\n\t\t\t\t<\/div>\n\t\t\t\t<div class=\"gt3-core-button--alignment_center elementor-element elementor-element-35269d39 elementor-widget elementor-widget-gt3-core-button\" data-id=\"35269d39\" data-element_type=\"widget\" data-widget_type=\"gt3-core-button.default\">\n\t\t\t\t<div class=\"elementor-widget-container\">\n\t\t\t\t\t\t<div class=\"gt3_module_button_elementor size_custom alignment_center button_icon_icon hover_none\">\r\n\t\t<a class=\"button_size_elementor_custom alignment_center border_icon_icon hover_none btn_icon_position_right\" href=\"https:\/\/upping.life\/wp-content\/uploads\/2025\/09\/INFORMATIVE-MAGAZINE-UL-2025-Curvas.pdf\">\r\n\t\t\t\t<span class=\"gt3_module_button__container\">\r\n\t\t\t\t\t\t\t\t\t\t\t<span class=\"gt3_module_button__cover front\"><span class=\"elementor_gt3_btn_text\">Download magazine<\/span><span class=\"elementor_btn_icon_container\"><span class=\"elementor_gt3_btn_icon\"><\/span><\/span><\/span>\r\n\t\t\t\t\t\t\t\t\t\t\t\t\t\t\t<\/span>\r\n\t\t<\/a>\r\n\t<\/div>\r\n\r\n<script type=\"application\/json\" id=\"settings--35269d39\">[]<\/script>\t\t\t\t<\/div>\n\t\t\t\t<\/div>\n\t\t\t\t<\/div>\n\t\t\t\t<\/div>\n\t\t\t\t<\/div>\n\t\t<div class=\"elementor-element elementor-element-5737782c e-flex e-con-boxed e-con e-parent\" data-id=\"5737782c\" data-element_type=\"container\">\n\t\t\t\t\t<div class=\"e-con-inner\">\n\t\t\t\t<div class=\"elementor-element-custom_font_size elementor-element-custom_font_size_tablet elementor-element-custom_font_size_mobile elementor-element-custom_line_height elementor-element-custom_font_weight elementor-element-custom_color elementor-element elementor-element-3a50491 gt3-text-images elementor-invisible elementor-widget elementor-widget-text-editor\" data-id=\"3a50491\" data-element_type=\"widget\" data-settings=\"{&quot;_animation&quot;:&quot;fadeIn&quot;}\" data-widget_type=\"text-editor.default\">\n\t\t\t\t<div class=\"elementor-widget-container\">\n\t\t\t\t\t\t\t\t\tAn internal decision that leaves an external mark!\t\t\t\t\t\t\t\t<\/div>\n\t\t\t\t<\/div>\n\t\t\t\t\t<\/div>\n\t\t\t\t<\/div>\n\t\t\t\t<\/div>","protected":false},"excerpt":{"rendered":"<p>Por Una Honduras Feliz UPPING LIFE naci\u00f3 en 2005 con la visi\u00f3n de impulsar un modelo empresarial de triple impacto: personas, planeta y prosperidad. De esa visi\u00f3n surgi\u00f3 Por Una Honduras Feliz ONGD (PUHF), inicialmente concebida como el brazo de responsabilidad social de la compa\u00f1\u00eda. Seguir leyendo \u201cDe responsabilidad social a legado generacional\u201d Por Una [&hellip;]<\/p>","protected":false},"author":1,"featured_media":0,"parent":0,"menu_order":0,"comment_status":"closed","ping_status":"closed","template":"","meta":{"footnotes":""},"class_list":["post-11990","page","type-page","status-publish","hentry"],"_links":{"self":[{"href":"https:\/\/upping.life\/en\/wp-json\/wp\/v2\/pages\/11990","targetHints":{"allow":["GET"]}}],"collection":[{"href":"https:\/\/upping.life\/en\/wp-json\/wp\/v2\/pages"}],"about":[{"href":"https:\/\/upping.life\/en\/wp-json\/wp\/v2\/types\/page"}],"author":[{"embeddable":true,"href":"https:\/\/upping.life\/en\/wp-json\/wp\/v2\/users\/1"}],"replies":[{"embeddable":true,"href":"https:\/\/upping.life\/en\/wp-json\/wp\/v2\/comments?post=11990"}],"version-history":[{"count":7,"href":"https:\/\/upping.life\/en\/wp-json\/wp\/v2\/pages\/11990\/revisions"}],"predecessor-version":[{"id":12005,"href":"https:\/\/upping.life\/en\/wp-json\/wp\/v2\/pages\/11990\/revisions\/12005"}],"wp:attachment":[{"href":"https:\/\/upping.life\/en\/wp-json\/wp\/v2\/media?parent=11990"}],"curies":[{"name":"wp","href":"https:\/\/api.w.org\/{rel}","templated":true}]}}