{"id":12196,"date":"2025-09-04T17:46:12","date_gmt":"2025-09-04T23:46:12","guid":{"rendered":"https:\/\/upping.life\/?page_id=12196"},"modified":"2025-12-03T19:57:58","modified_gmt":"2025-12-04T01:57:58","slug":"se-parte-por-una-honduras-feliz","status":"publish","type":"page","link":"https:\/\/upping.life\/en\/se-parte-por-una-honduras-feliz\/","title":{"rendered":"Be a Part \u2013 For a Happy Honduras"},"content":{"rendered":"<div data-elementor-type=\"wp-page\" data-elementor-id=\"12196\" class=\"elementor elementor-12196\" data-elementor-post-type=\"page\">\n\t\t\t\t<div class=\"elementor-element elementor-element-2639990e e-con-full e-flex e-con e-parent\" data-id=\"2639990e\" data-element_type=\"container\" data-settings=\"{&quot;background_background&quot;:&quot;video&quot;,&quot;background_play_on_mobile&quot;:&quot;yes&quot;,&quot;animation&quot;:&quot;none&quot;}\">\n\t\t<div class=\"elementor-element elementor-element-7b52e07 e-con-full e-flex e-con e-child\" data-id=\"7b52e07\" data-element_type=\"container\">\n\t\t<div class=\"elementor-element elementor-element-73aff10d e-con-full e-grid e-con e-child\" data-id=\"73aff10d\" data-element_type=\"container\">\n\t\t<div class=\"elementor-element elementor-element-3228f82e e-con-full e-flex e-con e-child\" data-id=\"3228f82e\" data-element_type=\"container\">\n\t\t\t\t<div class=\"elementor-element-custom_font_size elementor-element-custom_line_height elementor-element-custom_font_weight elementor-element-custom_color elementor-element elementor-element-297e8768 elementor-widget__width-initial elementor-widget elementor-widget-text-editor\" data-id=\"297e8768\" data-element_type=\"widget\" data-widget_type=\"text-editor.default\">\n\t\t\t\t<div class=\"elementor-widget-container\">\n\t\t\t\t\t\t\t\t\t<p>Get Involved<\/p>\t\t\t\t\t\t\t\t<\/div>\n\t\t\t\t<\/div>\n\t\t\t\t<div class=\"gt3-core-button--alignment_left elementor-element elementor-element-07de301 gt3-button-no-border elementor-hidden-mobile elementor-widget elementor-widget-gt3-core-button\" data-id=\"07de301\" data-element_type=\"widget\" data-widget_type=\"gt3-core-button.default\">\n\t\t\t\t<div class=\"elementor-widget-container\">\n\t\t\t\t\t\t<div class=\"gt3_module_button_elementor size_normal alignment_left button_icon_icon hover_none rounded\">\r\n\t\t<a class=\"button_size_elementor_normal alignment_left border_icon_icon hover_none btn_icon_position_right\" href=\"#inicia\">\r\n\t\t\t\t<span class=\"gt3_module_button__container\">\r\n\t\t\t\t\t\t\t\t\t\t\t<span class=\"gt3_module_button__cover front\"><span class=\"elementor_gt3_btn_text\">How to participate?<\/span><span class=\"elementor_btn_icon_container\"><span class=\"elementor_gt3_btn_icon\"><\/span><\/span><\/span>\r\n\t\t\t\t\t\t\t\t\t\t\t\t\t\t\t<\/span>\r\n\t\t<\/a>\r\n\t<\/div>\r\n\r\n<script type=\"application\/json\" id=\"settings--07de301\">[]<\/script>\t\t\t\t<\/div>\n\t\t\t\t<\/div>\n\t\t\t\t<\/div>\n\t\t<div class=\"elementor-element elementor-element-5f2f55e9 e-con-full e-flex e-con e-child\" data-id=\"5f2f55e9\" data-element_type=\"container\">\n\t\t\t\t<div class=\"elementor-element-custom_font_size elementor-element-custom_font_size_tablet elementor-element-custom_line_height elementor-element-custom_font_weight elementor-element-custom_color elementor-element elementor-element-522a8c97 elementor-widget elementor-widget-text-editor\" data-id=\"522a8c97\" data-element_type=\"widget\" data-widget_type=\"text-editor.default\">\n\t\t\t\t<div class=\"elementor-widget-container\">\n\t\t\t\t\t\t\t\t\t\u201cWe can all sow happiness in Honduras.\u201d\t\t\t\t\t\t\t\t<\/div>\n\t\t\t\t<\/div>\n\t\t\t\t<\/div>\n\t\t\t\t<\/div>\n\t\t\t\t<\/div>\n\t\t\t\t<\/div>\n\t\t<div class=\"elementor-element elementor-element-cfe11a6 e-con-full e-flex e-con e-parent\" data-id=\"cfe11a6\" data-element_type=\"container\" id=\"inicia\">\n\t\t<div class=\"elementor-element elementor-element-e97e378 e-flex e-con-boxed e-con e-child\" data-id=\"e97e378\" data-element_type=\"container\">\n\t\t\t\t\t<div class=\"e-con-inner\">\n\t\t\t\t<div class=\"elementor-element-custom_font_size elementor-element-custom_font_weight elementor-element-custom_color elementor-element elementor-element-e1586bb elementor-widget elementor-widget-text-editor\" data-id=\"e1586bb\" data-element_type=\"widget\" data-widget_type=\"text-editor.default\">\n\t\t\t\t<div class=\"elementor-widget-container\">\n\t\t\t\t\t\t\t\t\t<p>For a Happy Honduras<\/p>\t\t\t\t\t\t\t\t<\/div>\n\t\t\t\t<\/div>\n\t\t\t\t<div class=\"elementor-element-custom_font_size elementor-element-custom_font_size_tablet elementor-element-custom_font_size_mobile elementor-element-custom_line_height elementor-element-custom_font_weight elementor-element-custom_color elementor-element elementor-element-5ccb8ea gt3-text-images elementor-invisible elementor-widget elementor-widget-text-editor\" data-id=\"5ccb8ea\" data-element_type=\"widget\" data-settings=\"{&quot;_animation&quot;:&quot;fadeIn&quot;}\" data-widget_type=\"text-editor.default\">\n\t\t\t\t<div class=\"elementor-widget-container\">\n\t\t\t\t\t\t\t\t\t<p style=\"text-align: center;\">Be part of a Happy Honduras<\/p>\n<span class=\"gt3-bg-element gt3-bg-element-star\" style=\"background-image: url('https:\/\/upping.life\/wp-content\/uploads\/2025\/09\/colibri.png');\"><\/span> Volunteer: Join us and contribute your time and talent to transformative programs.\n\n<span class=\"gt3-bg-element gt3-bg-element-star\" style=\"background-image: url('https:\/\/upping.life\/wp-content\/uploads\/2025\/09\/empresa.png');\"><\/span> Partner companies: Incorporate your organization into a triple impact model with purpose and legacy.\n\n<span class=\"gt3-bg-element gt3-bg-element-star\" style=\"background-image: url('https:\/\/upping.life\/wp-content\/uploads\/2025\/09\/corazon.png');\"><\/span> Donations: Every contribution helps bring education and hope to more communities.\t\t\t\t\t\t\t\t<\/div>\n\t\t\t\t<\/div>\n\t\t\t\t<div class=\"gt3-core-button--alignment_center elementor-element elementor-element-be1c180 elementor-widget elementor-widget-gt3-core-button\" data-id=\"be1c180\" data-element_type=\"widget\" data-widget_type=\"gt3-core-button.default\">\n\t\t\t\t<div class=\"elementor-widget-container\">\n\t\t\t\t\t\t<div class=\"gt3_module_button_elementor size_custom alignment_center button_icon_icon hover_none\">\r\n\t\t<a class=\"button_size_elementor_custom alignment_center border_icon_icon hover_none btn_icon_position_right\" href=\"https:\/\/donate.stripe.com\/7sY9AS1wz0OX8z67Cc7bW00\" target=\"_blank\">\r\n\t\t\t\t<span class=\"gt3_module_button__container\">\r\n\t\t\t\t\t\t\t\t\t\t\t<span class=\"gt3_module_button__cover front\"><span class=\"elementor_gt3_btn_text\">Donations<\/span><span class=\"elementor_btn_icon_container\"><span class=\"elementor_gt3_btn_icon\"><\/span><\/span><\/span>\r\n\t\t\t\t\t\t\t\t\t\t\t\t\t\t\t<\/span>\r\n\t\t<\/a>\r\n\t<\/div>\r\n\r\n<script type=\"application\/json\" id=\"settings--be1c180\">[]<\/script>\t\t\t\t<\/div>\n\t\t\t\t<\/div>\n\t\t\t\t\t<\/div>\n\t\t\t\t<\/div>\n\t\t\t\t<\/div>\n\t\t<div class=\"elementor-element elementor-element-999b477 e-con-full e-flex e-con e-parent\" data-id=\"999b477\" data-element_type=\"container\">\n\t\t<div class=\"elementor-element elementor-element-bcc7326 e-con-full e-grid e-con e-child\" data-id=\"bcc7326\" data-element_type=\"container\">\n\t\t<div class=\"elementor-element elementor-element-64ebcba e-con-full e-transform e-flex e-con e-child\" data-id=\"64ebcba\" data-element_type=\"container\" data-settings=\"{&quot;background_background&quot;:&quot;classic&quot;,&quot;_transform_rotateZ_effect&quot;:{&quot;unit&quot;:&quot;px&quot;,&quot;size&quot;:3,&quot;sizes&quot;:[]},&quot;_transform_rotateZ_effect_mobile&quot;:{&quot;unit&quot;:&quot;deg&quot;,&quot;size&quot;:5,&quot;sizes&quot;:[]},&quot;_transform_rotateZ_effect_tablet&quot;:{&quot;unit&quot;:&quot;deg&quot;,&quot;size&quot;:&quot;&quot;,&quot;sizes&quot;:[]}}\">\n\t\t\t\t<div class=\"elementor-element elementor-element-94eac32 elementor-widget elementor-widget-gt3-core-infinite-scrolling-text\" data-id=\"94eac32\" data-element_type=\"widget\" data-widget_type=\"gt3-core-infinite-scrolling-text.default\">\n\t\t\t\t<div class=\"elementor-widget-container\">\n\t\t\t\t\t\t<div class=\"gt3-scrolling-text-wrapper\" data-direction=\"ltr\" data-speed=\"slower\" data-visibility=\"hidden\">\r\n\t\t<div class=\"gt3-scrolling-text-inner\"><div class=\"gt3-scrolling-text-element\">Be part \u2022 For a Happy Honduras \u2022 Participate \u2022 Be part \u2022 For a Happy Honduras \u2022 Participate \u2022 Be part \u2022 For a Happy Honduras \u2022 Participate \u2022 Be part \u2022 For a Happy Honduras \u2022 Participate \u2022<\/div><div class=\"gt3-scrolling-text-element\">Be part \u2022 For a Happy Honduras \u2022 Participate \u2022 Be part \u2022 For a Happy Honduras \u2022 Participate \u2022 Be part \u2022 For a Happy Honduras \u2022 Participate \u2022 Be part \u2022 For a Happy Honduras \u2022 Participate \u2022<\/div><\/div>\t<\/div>\r\n\t\t\t\t<\/div>\n\t\t\t\t<\/div>\n\t\t\t\t<\/div>\n\t\t<div class=\"elementor-element elementor-element-e085e20 e-con-full e-transform e-flex e-con e-child\" data-id=\"e085e20\" data-element_type=\"container\" data-settings=\"{&quot;background_background&quot;:&quot;classic&quot;,&quot;_transform_rotateZ_effect&quot;:{&quot;unit&quot;:&quot;px&quot;,&quot;size&quot;:-3,&quot;sizes&quot;:[]},&quot;_transform_rotateZ_effect_mobile&quot;:{&quot;unit&quot;:&quot;deg&quot;,&quot;size&quot;:-5,&quot;sizes&quot;:[]},&quot;_transform_rotateZ_effect_tablet&quot;:{&quot;unit&quot;:&quot;deg&quot;,&quot;size&quot;:&quot;&quot;,&quot;sizes&quot;:[]}}\">\n\t\t\t\t<div class=\"elementor-element elementor-element-dc21a36 elementor-widget elementor-widget-gt3-core-infinite-scrolling-text\" data-id=\"dc21a36\" data-element_type=\"widget\" data-widget_type=\"gt3-core-infinite-scrolling-text.default\">\n\t\t\t\t<div class=\"elementor-widget-container\">\n\t\t\t\t\t\t<div class=\"gt3-scrolling-text-wrapper\" data-direction=\"rtl\" data-speed=\"slower\" data-visibility=\"hidden\">\r\n\t\t<div class=\"gt3-scrolling-text-inner\"><div class=\"gt3-scrolling-text-element\">Volunteering \u2022 Allied companies \u2022 donations \u2022 Volunteering \u2022 Allied companies \u2022 donations \u2022 Volunteering \u2022 Allied companies \u2022 donations \u2022 Volunteering \u2022 Allied companies \u2022 donations \u2022<\/div><div class=\"gt3-scrolling-text-element\">Volunteering \u2022 Allied companies \u2022 donations \u2022 Volunteering \u2022 Allied companies \u2022 donations \u2022 Volunteering \u2022 Allied companies \u2022 donations \u2022 Volunteering \u2022 Allied companies \u2022 donations \u2022<\/div><\/div>\t<\/div>\r\n\t\t\t\t<\/div>\n\t\t\t\t<\/div>\n\t\t\t\t<\/div>\n\t\t\t\t<\/div>\n\t\t\t\t<\/div>\n\t\t<div class=\"elementor-element elementor-element-81d8dea e-con-full e-flex e-con e-parent\" data-id=\"81d8dea\" data-element_type=\"container\" id=\"recursos\" data-settings=\"{&quot;background_background&quot;:&quot;classic&quot;}\">\n\t\t<div class=\"elementor-element elementor-element-7c66385 e-con-full e-grid e-con e-child\" data-id=\"7c66385\" data-element_type=\"container\">\n\t\t\t\t<div class=\"elementor-element elementor-element-ca1942c elementor-widget elementor-widget-gt3-core-text-reveal-animation\" data-id=\"ca1942c\" data-element_type=\"widget\" data-widget_type=\"gt3-core-text-reveal-animation.default\">\n\t\t\t\t<div class=\"elementor-widget-container\">\n\t\t\t\t\t\t<h2 class=\"gt3-text-reveal-wrapper\">Request more information<\/h2>\r\n\t\t\t\t<\/div>\n\t\t\t\t<\/div>\n\t\t<div class=\"elementor-element elementor-element-22380c1 e-con-full e-flex e-con e-child\" data-id=\"22380c1\" data-element_type=\"container\">\n\t\t\t\t<div class=\"elementor-element elementor-element-8641df8 elementor-button-align-start elementor-widget__width-initial elementor-widget elementor-widget-form\" data-id=\"8641df8\" data-element_type=\"widget\" data-settings=\"{&quot;step_next_label&quot;:&quot;Siguiente&quot;,&quot;step_previous_label&quot;:&quot;Anterior&quot;,&quot;step_type&quot;:&quot;none&quot;,&quot;step_icon_shape&quot;:&quot;square&quot;,&quot;button_width&quot;:&quot;100&quot;}\" data-widget_type=\"form.default\">\n\t\t\t\t<div class=\"elementor-widget-container\">\n\t\t\t\t\t\t\t<form class=\"elementor-form\" method=\"post\" name=\"Se parte - PUHF\" aria-label=\"It&#039;s parting - PUHF\" action=\"\">\n\t\t\t<input type=\"hidden\" name=\"post_id\" value=\"12196\"\/>\n\t\t\t<input type=\"hidden\" name=\"form_id\" value=\"8641df8\"\/>\n\t\t\t<input type=\"hidden\" name=\"referer_title\" value=\"\" \/>\n\n\t\t\t\n\t\t\t<div class=\"elementor-form-fields-wrapper elementor-labels-above\">\n\t\t\t\t\t\t\t\t<div class=\"elementor-field-type-step elementor-field-group elementor-column elementor-field-group-field_bb289a8 elementor-col-100\">\n\t\t\t\t\t\t\t<div class=\"e-field-step elementor-hidden\" data-label=\"\" data-previousbutton=\"\" data-nextbutton=\"\" data-iconurl=\"\" data-iconlibrary=\"fas fa-star\" data-icon=\"\" ><\/div>\n\n\t\t\t\t\t\t<\/div>\n\t\t\t\t\t\t\t\t<div class=\"elementor-field-type-text elementor-field-group elementor-column elementor-field-group-name elementor-col-100 elementor-field-required\">\n\t\t\t\t\t\t\t\t\t\t\t\t<label for=\"form-field-name\" class=\"elementor-field-label\">\n\t\t\t\t\t\t\t\tWho do we have the pleasure of?\t\t\t\t\t\t\t<\/label>\n\t\t\t\t\t\t\t\t\t\t\t\t\t\t<input size=\"1\" type=\"text\" name=\"form_fields[name]\" id=\"form-field-name\" class=\"elementor-field elementor-size-sm  elementor-field-textual\" placeholder=\"Name\" required=\"required\">\n\t\t\t\t\t\t\t\t\t\t\t<\/div>\n\t\t\t\t\t\t\t\t<div class=\"elementor-field-type-select elementor-field-group elementor-column elementor-field-group-field_137db07 elementor-col-100 elementor-field-required\">\n\t\t\t\t\t\t\t\t\t\t\t\t<label for=\"form-field-field_137db07\" class=\"elementor-field-label\">\n\t\t\t\t\t\t\t\tHow do you want to be part of it?\t\t\t\t\t\t\t<\/label>\n\t\t\t\t\t\t\t\t<div class=\"elementor-field elementor-select-wrapper remove-before\">\n\t\t\t<div class=\"select-caret-down-wrapper\">\n\t\t\t\t<i aria-hidden=\"true\" class=\"eicon-caret-down\"><\/i>\t\t\t<\/div>\n\t\t\t<select name=\"form_fields[field_137db07]\" id=\"form-field-field_137db07\" class=\"elementor-field-textual elementor-size-sm\" required=\"required\">\n\t\t\t\t\t\t\t\t\t<option value=\"\"><\/option>\n\t\t\t\t\t\t\t\t\t<option value=\"Voluntario\">Volunteer<\/option>\n\t\t\t\t\t\t\t\t\t<option value=\"Empresa aliada\">Allied company<\/option>\n\t\t\t\t\t\t\t\t\t<option value=\"Realizar un donativo\">Make a donation<\/option>\n\t\t\t\t\t\t\t<\/select>\n\t\t<\/div>\n\t\t\t\t\t\t<\/div>\n\t\t\t\t\t\t\t\t<div class=\"elementor-field-type-step elementor-field-group elementor-column elementor-field-group-field_9b71e13 elementor-col-100\">\n\t\t\t\t\t\t\t<div class=\"e-field-step elementor-hidden\" data-label=\"Datos personales\" data-previousbutton=\"\" data-nextbutton=\"\" data-iconurl=\"\" data-iconlibrary=\"fas fa-star\" data-icon=\"\" ><\/div>\n\n\t\t\t\t\t\t<\/div>\n\t\t\t\t\t\t\t\t<div class=\"elementor-field-type-email elementor-field-group elementor-column elementor-field-group-email elementor-col-100 elementor-field-required\">\n\t\t\t\t\t\t\t\t\t\t\t\t<label for=\"form-field-email\" class=\"elementor-field-label\">\n\t\t\t\t\t\t\t\tEmail\t\t\t\t\t\t\t<\/label>\n\t\t\t\t\t\t\t\t\t\t\t\t\t\t<input size=\"1\" type=\"email\" name=\"form_fields[email]\" id=\"form-field-email\" class=\"elementor-field elementor-size-sm  elementor-field-textual\" placeholder=\"Email\" required=\"required\">\n\t\t\t\t\t\t\t\t\t\t\t<\/div>\n\t\t\t\t\t\t\t\t<div class=\"elementor-field-type-tel elementor-field-group elementor-column elementor-field-group-field_10ad5e2 elementor-col-100 elementor-field-required\">\n\t\t\t\t\t\t\t\t\t\t\t\t<label for=\"form-field-field_10ad5e2\" class=\"elementor-field-label\">\n\t\t\t\t\t\t\t\tCellular\t\t\t\t\t\t\t<\/label>\n\t\t\t\t\t\t\t\t<input size=\"1\" type=\"tel\" name=\"form_fields[field_10ad5e2]\" id=\"form-field-field_10ad5e2\" class=\"elementor-field elementor-size-sm  elementor-field-textual\" required=\"required\" pattern=\"[0-9()#&amp;+*-=.]+\" title=\"Only numbers and phone characters (#, -, *, etc) are accepted.\">\n\n\t\t\t\t\t\t<\/div>\n\t\t\t\t\t\t\t\t<div class=\"elementor-field-type-text elementor-field-group elementor-column elementor-field-group-field_cac14db elementor-col-100 elementor-field-required\">\n\t\t\t\t\t\t\t\t\t\t\t\t<label for=\"form-field-field_cac14db\" class=\"elementor-field-label\">\n\t\t\t\t\t\t\t\tCountry\t\t\t\t\t\t\t<\/label>\n\t\t\t\t\t\t\t\t\t\t\t\t\t\t<input size=\"1\" type=\"text\" name=\"form_fields[field_cac14db]\" id=\"form-field-field_cac14db\" class=\"elementor-field elementor-size-sm  elementor-field-textual\" required=\"required\">\n\t\t\t\t\t\t\t\t\t\t\t<\/div>\n\t\t\t\t\t\t\t\t<div class=\"elementor-field-type-step elementor-field-group elementor-column elementor-field-group-field_648c060 elementor-col-100\">\n\t\t\t\t\t\t\t<div class=\"e-field-step elementor-hidden\" data-label=\"\" data-previousbutton=\"\" data-nextbutton=\"\" data-iconurl=\"\" data-iconlibrary=\"fas fa-star\" data-icon=\"\" ><\/div>\n\n\t\t\t\t\t\t<\/div>\n\t\t\t\t\t\t\t\t<div class=\"elementor-field-type-textarea elementor-field-group elementor-column elementor-field-group-field_45407d1 elementor-col-100\">\n\t\t\t\t\t\t\t\t\t\t\t\t<label for=\"form-field-field_45407d1\" class=\"elementor-field-label\">\n\t\t\t\t\t\t\t\tMessage or comment\t\t\t\t\t\t\t<\/label>\n\t\t\t\t\t\t<textarea class=\"elementor-field-textual elementor-field  elementor-size-sm\" name=\"form_fields[field_45407d1]\" id=\"form-field-field_45407d1\" rows=\"4\" placeholder=\"Any additional messages\"><\/textarea>\t\t\t\t<\/div>\n\t\t\t\t\t\t\t\t<div class=\"elementor-field-group elementor-column elementor-field-type-submit elementor-col-100 e-form__buttons\">\n\t\t\t\t\t<button class=\"elementor-button elementor-size-sm\" type=\"submit\">\n\t\t\t\t\t\t<span class=\"elementor-button-content-wrapper\">\n\t\t\t\t\t\t\t\t\t\t\t\t\t\t\t\t\t\t\t\t\t\t<span class=\"elementor-button-text\">Send<\/span>\n\t\t\t\t\t\t\t\t\t\t\t\t\t<\/span>\n\t\t\t\t\t<\/button>\n\t\t\t\t<\/div>\n\t\t\t<\/div>\n\t\t<input type=\"hidden\" name=\"trp-form-language\" value=\"en\"\/><\/form>\n\t\t\t\t\t\t<\/div>\n\t\t\t\t<\/div>\n\t\t\t\t<\/div>\n\t\t\t\t<\/div>\n\t\t\t\t<\/div>\n\t\t<div class=\"elementor-element elementor-element-e730ae5 e-con-full e-flex e-con e-parent\" data-id=\"e730ae5\" data-element_type=\"container\">\n\t\t\t\t<div class=\"elementor-element-custom_font_size elementor-element-custom_line_height elementor-element-custom_font_family elementor-element-custom_font_weight elementor-element elementor-element-0013306 elementor-widget elementor-widget-text-editor\" data-id=\"0013306\" data-element_type=\"widget\" data-widget_type=\"text-editor.default\">\n\t\t\t\t<div class=\"elementor-widget-container\">\n\t\t\t\t\t\t\t\t\t<p>Impact stories<\/p>\t\t\t\t\t\t\t\t<\/div>\n\t\t\t\t<\/div>\n\t\t\t\t<div class=\"elementor-element elementor-element-20c2668 elementor-widget elementor-widget-gt3-core-testimonials\" data-id=\"20c2668\" data-element_type=\"widget\" data-widget_type=\"gt3-core-testimonials.default\">\n\t\t\t\t<div class=\"elementor-widget-container\">\n\t\t\t\t\t\t<div class=\"module_testimonial active-carousel items_per_line-1 style4 text_align-center author_align-center nav-arrows\" data-settings=\"{&quot;fade&quot;:false,&quot;autoplay&quot;:false,&quot;items_per_line&quot;:1,&quot;autoplaySpeed&quot;:4000,&quot;dots&quot;:false,&quot;arrows&quot;:true,&quot;l10n&quot;:{&quot;prev&quot;:&quot;Prev&quot;,&quot;next&quot;:&quot;Next&quot;}}\">\r\n\t\t<span class='testimonials-photo-wrapper'><\/span>\r\n\t\t<div class=\"module_content testimonials_list\">\r\n\t\t\t<div class=\"svg_icon\"><svg width=\"42px\" height=\"42px\" viewbox=\"0 -160 300 300\" xmlns=\"https:\/\/www.w3.org\/2000\/svg\">\r\n\t  <path d=\"M49.5 92q-16.5 -16 -16.5 -38q0 -20 14 -36t32 -17q-3 -26 -17.5 -44.5t-41.5 -38.5l21 -38q42 22 72 69.5t30 95.5q0 28 -16.5 45.5t-38.5 17.5t-38.5 -16zM206 91q-16 -16 -16 -37q0 -20 14 -36t32 -17q-4 -27 -18.5 -46t-41.5 -38l21 -37q42 22 71.5 69.5t29.5 95.5 q0 28 -16 45t-38 17t-38 -16z\" \/><\/svg><\/div>\t\t\t<div class=\"testimonials_rotator\">\r\n\t\t\t\t                    <div class=\"testimonials_item\" style=\"\">\r\n\t\t\t\t\t\t<div class=\"testimonial_item_wrapper\">\r\n\t\t\t\t\t\t\t<div class=\"testimonials_content\">\r\n\t\t\t\t\t\t\t\t<div class=\"testimonials-text\">\"We needed to grow as a team without losing heart.\"<\/div><div class=\"testimonials_photo\"><img decoding=\"async\" src=\"https:\/\/upping.life\/wp-content\/uploads\/2025\/09\/Directora-Ejecutiva-de-la-Fundacion-Ruth-Paz-Honduras-136x136.png\" alt=\"\" \/><\/div><div class=\"testimonials_title\">Flor Cruz<\/div><div class=\"testimonials-sub_name\">Executive Director, Ruth Paz Foundation (Honduras)<\/div>\t\t\t\t\t\t\t<\/div>\r\n\t\t\t\t\t\t<\/div>\r\n\t\t\t\t\t<\/div>\r\n\t\t\t\t\t\t\t<\/div>\r\n\t\t\t<div class=\"clear\"><\/div>\r\n\t\t<\/div>\r\n\t<\/div>\r\n\r\n<script type=\"application\/json\" id=\"settings--20c2668\">{\"fade\":false,\"autoplay\":false,\"items_per_line\":1,\"autoplaySpeed\":4000,\"dots\":false,\"arrows\":true,\"l10n\":{\"prev\":\"Prev\",\"next\":\"Next\"}}<\/script>\t\t\t\t<\/div>\n\t\t\t\t<\/div>\n\t\t\t\t<\/div>\n\t\t\t\t<\/div>","protected":false},"excerpt":{"rendered":"<p>S\u00e9 Parte \u00bfC\u00f3mo participar? \u201cTodos podemos sembrar felicidad en Honduras\u201d. Por una Honduras Feliz S\u00e9 parte de una Honduras Feliz Voluntariado: \u00fanete y contribuye con tu tiempo y talento en programas de transformaci\u00f3n. Empresas aliadas: incorpora tu organizaci\u00f3n en un modelo de triple impacto con prop\u00f3sito y legado. Donaciones: cada aporte ayuda a llevar educaci\u00f3n [&hellip;]<\/p>","protected":false},"author":1,"featured_media":0,"parent":0,"menu_order":0,"comment_status":"closed","ping_status":"closed","template":"","meta":{"footnotes":""},"class_list":["post-12196","page","type-page","status-publish","hentry"],"_links":{"self":[{"href":"https:\/\/upping.life\/en\/wp-json\/wp\/v2\/pages\/12196","targetHints":{"allow":["GET"]}}],"collection":[{"href":"https:\/\/upping.life\/en\/wp-json\/wp\/v2\/pages"}],"about":[{"href":"https:\/\/upping.life\/en\/wp-json\/wp\/v2\/types\/page"}],"author":[{"embeddable":true,"href":"https:\/\/upping.life\/en\/wp-json\/wp\/v2\/users\/1"}],"replies":[{"embeddable":true,"href":"https:\/\/upping.life\/en\/wp-json\/wp\/v2\/comments?post=12196"}],"version-history":[{"count":22,"href":"https:\/\/upping.life\/en\/wp-json\/wp\/v2\/pages\/12196\/revisions"}],"predecessor-version":[{"id":12719,"href":"https:\/\/upping.life\/en\/wp-json\/wp\/v2\/pages\/12196\/revisions\/12719"}],"wp:attachment":[{"href":"https:\/\/upping.life\/en\/wp-json\/wp\/v2\/media?parent=12196"}],"curies":[{"name":"wp","href":"https:\/\/api.w.org\/{rel}","templated":true}]}}