{"id":12225,"date":"2025-09-04T18:14:16","date_gmt":"2025-09-05T00:14:16","guid":{"rendered":"https:\/\/upping.life\/?page_id=12225"},"modified":"2025-09-08T13:12:22","modified_gmt":"2025-09-08T19:12:22","slug":"contacto-por-una-honduras-feliz","status":"publish","type":"page","link":"https:\/\/upping.life\/en\/contacto-por-una-honduras-feliz\/","title":{"rendered":"Contact \u2013 For a Happy Honduras"},"content":{"rendered":"<div data-elementor-type=\"wp-page\" data-elementor-id=\"12225\" class=\"elementor elementor-12225\" data-elementor-post-type=\"page\">\n\t\t\t\t<div class=\"elementor-element elementor-element-2639990e e-con-full e-flex e-con e-parent\" data-id=\"2639990e\" data-element_type=\"container\" data-settings=\"{&quot;background_background&quot;:&quot;video&quot;,&quot;background_play_on_mobile&quot;:&quot;yes&quot;,&quot;animation&quot;:&quot;none&quot;}\">\n\t\t<div class=\"elementor-element elementor-element-7b52e07 e-con-full e-flex e-con e-child\" data-id=\"7b52e07\" data-element_type=\"container\">\n\t\t<div class=\"elementor-element elementor-element-73aff10d e-con-full e-grid e-con e-child\" data-id=\"73aff10d\" data-element_type=\"container\">\n\t\t<div class=\"elementor-element elementor-element-3228f82e e-con-full e-flex e-con e-child\" data-id=\"3228f82e\" data-element_type=\"container\">\n\t\t\t\t<div class=\"elementor-element-custom_font_size elementor-element-custom_line_height elementor-element-custom_font_weight elementor-element-custom_color elementor-element elementor-element-297e8768 elementor-widget__width-initial elementor-widget elementor-widget-text-editor\" data-id=\"297e8768\" data-element_type=\"widget\" data-widget_type=\"text-editor.default\">\n\t\t\t\t<div class=\"elementor-widget-container\">\n\t\t\t\t\t\t\t\t\tLet&#039;s talk\t\t\t\t\t\t\t\t<\/div>\n\t\t\t\t<\/div>\n\t\t\t\t<div class=\"gt3-core-button--alignment_left elementor-element elementor-element-07de301 gt3-button-no-border elementor-hidden-mobile elementor-widget elementor-widget-gt3-core-button\" data-id=\"07de301\" data-element_type=\"widget\" data-widget_type=\"gt3-core-button.default\">\n\t\t\t\t<div class=\"elementor-widget-container\">\n\t\t\t\t\t\t<div class=\"gt3_module_button_elementor size_normal alignment_left button_icon_icon hover_none rounded\">\r\n\t\t<a class=\"button_size_elementor_normal alignment_left border_icon_icon hover_none btn_icon_position_right\" href=\"#contacto\">\r\n\t\t\t\t<span class=\"gt3_module_button__container\">\r\n\t\t\t\t\t\t\t\t\t\t\t<span class=\"gt3_module_button__cover front\"><span class=\"elementor_gt3_btn_text\">Contact<\/span><span class=\"elementor_btn_icon_container\"><span class=\"elementor_gt3_btn_icon\"><\/span><\/span><\/span>\r\n\t\t\t\t\t\t\t\t\t\t\t\t\t\t\t<\/span>\r\n\t\t<\/a>\r\n\t<\/div>\r\n\r\n<script type=\"application\/json\" id=\"settings--07de301\">[]<\/script>\t\t\t\t<\/div>\n\t\t\t\t<\/div>\n\t\t\t\t<\/div>\n\t\t<div class=\"elementor-element elementor-element-5f2f55e9 e-con-full e-flex e-con e-child\" data-id=\"5f2f55e9\" data-element_type=\"container\">\n\t\t\t\t<div class=\"elementor-element-custom_font_size elementor-element-custom_font_size_tablet elementor-element-custom_line_height elementor-element-custom_font_weight elementor-element-custom_color elementor-element elementor-element-522a8c97 elementor-widget elementor-widget-text-editor\" data-id=\"522a8c97\" data-element_type=\"widget\" data-widget_type=\"text-editor.default\">\n\t\t\t\t<div class=\"elementor-widget-container\">\n\t\t\t\t\t\t\t\t\t&quot;Por Una Honduras Feliz&quot; (For a Happy Honduras) is an NGO with legal status in Honduras since 2018, born as the social responsibility arm of UPPING LIFE and now a national transformation platform.\t\t\t\t\t\t\t\t<\/div>\n\t\t\t\t<\/div>\n\t\t\t\t<\/div>\n\t\t\t\t<\/div>\n\t\t\t\t<\/div>\n\t\t\t\t<\/div>\n\t\t<div class=\"elementor-element elementor-element-cfe11a6 e-con-full e-flex e-con e-parent\" data-id=\"cfe11a6\" data-element_type=\"container\" id=\"inicia\">\n\t\t<div class=\"elementor-element elementor-element-e97e378 e-flex e-con-boxed e-con e-child\" data-id=\"e97e378\" data-element_type=\"container\">\n\t\t\t\t\t<div class=\"e-con-inner\">\n\t\t\t\t<div class=\"elementor-element-custom_font_size elementor-element-custom_font_weight elementor-element-custom_color elementor-element elementor-element-e1586bb elementor-widget elementor-widget-text-editor\" data-id=\"e1586bb\" data-element_type=\"widget\" data-widget_type=\"text-editor.default\">\n\t\t\t\t<div class=\"elementor-widget-container\">\n\t\t\t\t\t\t\t\t\t<p>For a Happy Honduras<\/p>\t\t\t\t\t\t\t\t<\/div>\n\t\t\t\t<\/div>\n\t\t\t\t<div class=\"elementor-element-custom_font_size elementor-element-custom_font_size_tablet elementor-element-custom_font_size_mobile elementor-element-custom_line_height elementor-element-custom_font_weight elementor-element-custom_color elementor-element elementor-element-5ccb8ea gt3-text-images elementor-invisible elementor-widget elementor-widget-text-editor\" data-id=\"5ccb8ea\" data-element_type=\"widget\" data-settings=\"{&quot;_animation&quot;:&quot;fadeIn&quot;}\" data-widget_type=\"text-editor.default\">\n\t\t\t\t<div class=\"elementor-widget-container\">\n\t\t\t\t\t\t\t\t\t<p style=\"text-align: center;\"><\/p>\n<span class=\"gt3-bg-element gt3-bg-element-star\" style=\"background-image: url('https:\/\/upping.life\/wp-content\/uploads\/2025\/09\/colibri.png');\"><\/span> Transformation begins with a conversation. Write to us and let&#039;s work together to build a happier Honduras.\n\n\t\t\t\t\t\t\t\t<\/div>\n\t\t\t\t<\/div>\n\t\t\t\t<div class=\"gt3-core-button--alignment_center elementor-element elementor-element-be1c180 elementor-widget elementor-widget-gt3-core-button\" data-id=\"be1c180\" data-element_type=\"widget\" data-widget_type=\"gt3-core-button.default\">\n\t\t\t\t<div class=\"elementor-widget-container\">\n\t\t\t\t\t\t<div class=\"gt3_module_button_elementor size_custom alignment_center button_icon_icon hover_none\">\r\n\t\t<a class=\"button_size_elementor_custom alignment_center border_icon_icon hover_none btn_icon_position_right\" href=\"#contacto\" target=\"_blank\">\r\n\t\t\t\t<span class=\"gt3_module_button__container\">\r\n\t\t\t\t\t\t\t\t\t\t\t<span class=\"gt3_module_button__cover front\"><span class=\"elementor_gt3_btn_text\">Let&#039;s talk<\/span><span class=\"elementor_btn_icon_container\"><span class=\"elementor_gt3_btn_icon\"><\/span><\/span><\/span>\r\n\t\t\t\t\t\t\t\t\t\t\t\t\t\t\t<\/span>\r\n\t\t<\/a>\r\n\t<\/div>\r\n\r\n<script type=\"application\/json\" id=\"settings--be1c180\">[]<\/script>\t\t\t\t<\/div>\n\t\t\t\t<\/div>\n\t\t\t\t\t<\/div>\n\t\t\t\t<\/div>\n\t\t\t\t<\/div>\n\t\t<div class=\"elementor-element elementor-element-81d8dea e-con-full e-flex e-con e-parent\" data-id=\"81d8dea\" data-element_type=\"container\" id=\"contacto\" data-settings=\"{&quot;background_background&quot;:&quot;classic&quot;}\">\n\t\t<div class=\"elementor-element elementor-element-7c66385 e-con-full e-grid e-con e-child\" data-id=\"7c66385\" data-element_type=\"container\">\n\t\t\t\t<div class=\"elementor-element elementor-element-ca1942c elementor-widget elementor-widget-gt3-core-text-reveal-animation\" data-id=\"ca1942c\" data-element_type=\"widget\" data-widget_type=\"gt3-core-text-reveal-animation.default\">\n\t\t\t\t<div class=\"elementor-widget-container\">\n\t\t\t\t\t\t<h2 class=\"gt3-text-reveal-wrapper\">Contact us at<\/h2>\r\n\t\t\t\t<\/div>\n\t\t\t\t<\/div>\n\t\t<div class=\"elementor-element elementor-element-22380c1 e-con-full e-flex e-con e-child\" data-id=\"22380c1\" data-element_type=\"container\">\n\t\t\t\t<div class=\"elementor-element elementor-element-8641df8 elementor-button-align-start elementor-widget__width-initial elementor-widget elementor-widget-form\" data-id=\"8641df8\" data-element_type=\"widget\" data-settings=\"{&quot;step_next_label&quot;:&quot;Siguiente&quot;,&quot;step_previous_label&quot;:&quot;Anterior&quot;,&quot;step_type&quot;:&quot;none&quot;,&quot;step_icon_shape&quot;:&quot;square&quot;,&quot;button_width&quot;:&quot;100&quot;}\" data-widget_type=\"form.default\">\n\t\t\t\t<div class=\"elementor-widget-container\">\n\t\t\t\t\t\t\t<form class=\"elementor-form\" method=\"post\" name=\"Contacto - PUHF\" aria-label=\"Contact - PUHF\" action=\"\">\n\t\t\t<input type=\"hidden\" name=\"post_id\" value=\"12225\"\/>\n\t\t\t<input type=\"hidden\" name=\"form_id\" value=\"8641df8\"\/>\n\t\t\t<input type=\"hidden\" name=\"referer_title\" value=\"\" \/>\n\n\t\t\t\n\t\t\t<div class=\"elementor-form-fields-wrapper elementor-labels-above\">\n\t\t\t\t\t\t\t\t<div class=\"elementor-field-type-step elementor-field-group elementor-column elementor-field-group-field_bb289a8 elementor-col-100\">\n\t\t\t\t\t\t\t<div class=\"e-field-step elementor-hidden\" data-label=\"\" data-previousbutton=\"\" data-nextbutton=\"\" data-iconurl=\"\" data-iconlibrary=\"fas fa-star\" data-icon=\"\" ><\/div>\n\n\t\t\t\t\t\t<\/div>\n\t\t\t\t\t\t\t\t<div class=\"elementor-field-type-text elementor-field-group elementor-column elementor-field-group-name elementor-col-100 elementor-field-required\">\n\t\t\t\t\t\t\t\t\t\t\t\t<label for=\"form-field-name\" class=\"elementor-field-label\">\n\t\t\t\t\t\t\t\tWho do we have the pleasure of?\t\t\t\t\t\t\t<\/label>\n\t\t\t\t\t\t\t\t\t\t\t\t\t\t<input size=\"1\" type=\"text\" name=\"form_fields[name]\" id=\"form-field-name\" class=\"elementor-field elementor-size-sm  elementor-field-textual\" placeholder=\"Name\" required=\"required\">\n\t\t\t\t\t\t\t\t\t\t\t<\/div>\n\t\t\t\t\t\t\t\t<div class=\"elementor-field-type-step elementor-field-group elementor-column elementor-field-group-field_9b71e13 elementor-col-100\">\n\t\t\t\t\t\t\t<div class=\"e-field-step elementor-hidden\" data-label=\"Datos personales\" data-previousbutton=\"\" data-nextbutton=\"\" data-iconurl=\"\" data-iconlibrary=\"fas fa-star\" data-icon=\"\" ><\/div>\n\n\t\t\t\t\t\t<\/div>\n\t\t\t\t\t\t\t\t<div class=\"elementor-field-type-email elementor-field-group elementor-column elementor-field-group-email elementor-col-100 elementor-field-required\">\n\t\t\t\t\t\t\t\t\t\t\t\t<label for=\"form-field-email\" class=\"elementor-field-label\">\n\t\t\t\t\t\t\t\tEmail\t\t\t\t\t\t\t<\/label>\n\t\t\t\t\t\t\t\t\t\t\t\t\t\t<input size=\"1\" type=\"email\" name=\"form_fields[email]\" id=\"form-field-email\" class=\"elementor-field elementor-size-sm  elementor-field-textual\" placeholder=\"Email\" required=\"required\">\n\t\t\t\t\t\t\t\t\t\t\t<\/div>\n\t\t\t\t\t\t\t\t<div class=\"elementor-field-type-tel elementor-field-group elementor-column elementor-field-group-field_10ad5e2 elementor-col-100 elementor-field-required\">\n\t\t\t\t\t\t\t\t\t\t\t\t<label for=\"form-field-field_10ad5e2\" class=\"elementor-field-label\">\n\t\t\t\t\t\t\t\tCellular\t\t\t\t\t\t\t<\/label>\n\t\t\t\t\t\t\t\t<input size=\"1\" type=\"tel\" name=\"form_fields[field_10ad5e2]\" id=\"form-field-field_10ad5e2\" class=\"elementor-field elementor-size-sm  elementor-field-textual\" required=\"required\" pattern=\"[0-9()#&amp;+*-=.]+\" title=\"Only numbers and phone characters (#, -, *, etc) are accepted.\">\n\n\t\t\t\t\t\t<\/div>\n\t\t\t\t\t\t\t\t<div class=\"elementor-field-type-text elementor-field-group elementor-column elementor-field-group-field_cac14db elementor-col-100 elementor-field-required\">\n\t\t\t\t\t\t\t\t\t\t\t\t<label for=\"form-field-field_cac14db\" class=\"elementor-field-label\">\n\t\t\t\t\t\t\t\tCountry\t\t\t\t\t\t\t<\/label>\n\t\t\t\t\t\t\t\t\t\t\t\t\t\t<input size=\"1\" type=\"text\" name=\"form_fields[field_cac14db]\" id=\"form-field-field_cac14db\" class=\"elementor-field elementor-size-sm  elementor-field-textual\" required=\"required\">\n\t\t\t\t\t\t\t\t\t\t\t<\/div>\n\t\t\t\t\t\t\t\t<div class=\"elementor-field-type-step elementor-field-group elementor-column elementor-field-group-field_648c060 elementor-col-100\">\n\t\t\t\t\t\t\t<div class=\"e-field-step elementor-hidden\" data-label=\"\" data-previousbutton=\"\" data-nextbutton=\"\" data-iconurl=\"\" data-iconlibrary=\"fas fa-star\" data-icon=\"\" ><\/div>\n\n\t\t\t\t\t\t<\/div>\n\t\t\t\t\t\t\t\t<div class=\"elementor-field-type-textarea elementor-field-group elementor-column elementor-field-group-field_45407d1 elementor-col-100\">\n\t\t\t\t\t\t\t\t\t\t\t\t<label for=\"form-field-field_45407d1\" class=\"elementor-field-label\">\n\t\t\t\t\t\t\t\tMessage or comment\t\t\t\t\t\t\t<\/label>\n\t\t\t\t\t\t<textarea class=\"elementor-field-textual elementor-field  elementor-size-sm\" name=\"form_fields[field_45407d1]\" id=\"form-field-field_45407d1\" rows=\"4\" placeholder=\"Any additional messages\"><\/textarea>\t\t\t\t<\/div>\n\t\t\t\t\t\t\t\t<div class=\"elementor-field-group elementor-column elementor-field-type-submit elementor-col-100 e-form__buttons\">\n\t\t\t\t\t<button class=\"elementor-button elementor-size-sm\" type=\"submit\">\n\t\t\t\t\t\t<span class=\"elementor-button-content-wrapper\">\n\t\t\t\t\t\t\t\t\t\t\t\t\t\t\t\t\t\t\t\t\t\t<span class=\"elementor-button-text\">Send<\/span>\n\t\t\t\t\t\t\t\t\t\t\t\t\t<\/span>\n\t\t\t\t\t<\/button>\n\t\t\t\t<\/div>\n\t\t\t<\/div>\n\t\t<input type=\"hidden\" name=\"trp-form-language\" value=\"en\"\/><\/form>\n\t\t\t\t\t\t<\/div>\n\t\t\t\t<\/div>\n\t\t\t\t<\/div>\n\t\t\t\t<\/div>\n\t\t\t\t<\/div>\n\t\t<div class=\"elementor-element elementor-element-1e65e27 e-con-full e-flex e-con e-parent\" data-id=\"1e65e27\" data-element_type=\"container\">\n\t\t<div class=\"elementor-element elementor-element-48b616f e-con-full e-grid e-con e-child\" data-id=\"48b616f\" data-element_type=\"container\">\n\t\t<div class=\"elementor-element elementor-element-e926024 e-con-full e-flex e-con e-child\" data-id=\"e926024\" data-element_type=\"container\">\n\t\t\t\t<div class=\"elementor-element-custom_font_size elementor-element-custom_line_height elementor-element-custom_font_family elementor-element-custom_font_weight elementor-element-custom_color elementor-element elementor-element-1cd089f elementor-widget elementor-widget-text-editor\" data-id=\"1cd089f\" data-element_type=\"widget\" data-widget_type=\"text-editor.default\">\n\t\t\t\t<div class=\"elementor-widget-container\">\n\t\t\t\t\t\t\t\t\t<p>e-mail<\/p>\t\t\t\t\t\t\t\t<\/div>\n\t\t\t\t<\/div>\n\t\t\t\t<div class=\"elementor-element-custom_font_size elementor-element-custom_font_size_tablet elementor-element-custom_color elementor-element elementor-element-23366fd elementor-widget elementor-widget-text-editor\" data-id=\"23366fd\" data-element_type=\"widget\" data-widget_type=\"text-editor.default\">\n\t\t\t\t<div class=\"elementor-widget-container\">\n\t\t\t\t\t\t\t\t\t<p><a href=\"mailto:hola@porunahondurasfeliz.org\">hello@porunahondurasfeliz.org<\/a><\/p>\t\t\t\t\t\t\t\t<\/div>\n\t\t\t\t<\/div>\n\t\t\t\t<\/div>\n\t\t<div class=\"elementor-element elementor-element-accca4d e-con-full e-flex e-con e-child\" data-id=\"accca4d\" data-element_type=\"container\">\n\t\t\t\t<div class=\"elementor-element-custom_font_size elementor-element-custom_line_height elementor-element-custom_font_family elementor-element-custom_font_weight elementor-element-custom_color elementor-element elementor-element-76b88ab elementor-widget elementor-widget-text-editor\" data-id=\"76b88ab\" data-element_type=\"widget\" data-widget_type=\"text-editor.default\">\n\t\t\t\t<div class=\"elementor-widget-container\">\n\t\t\t\t\t\t\t\t\t<p>Tel<\/p>\t\t\t\t\t\t\t\t<\/div>\n\t\t\t\t<\/div>\n\t\t\t\t<div class=\"elementor-element-custom_font_size elementor-element-custom_font_size_tablet elementor-element-custom_color elementor-element elementor-element-ee82efa elementor-widget elementor-widget-text-editor\" data-id=\"ee82efa\" data-element_type=\"widget\" data-widget_type=\"text-editor.default\">\n\t\t\t\t<div class=\"elementor-widget-container\">\n\t\t\t\t\t\t\t\t\t+1 (757) 297\u20118285\t\t\t\t\t\t\t\t<\/div>\n\t\t\t\t<\/div>\n\t\t\t\t<\/div>\n\t\t<div class=\"elementor-element elementor-element-cdd9ace e-con-full e-flex e-con e-child\" data-id=\"cdd9ace\" data-element_type=\"container\">\n\t\t\t\t<div class=\"elementor-element-custom_font_size elementor-element-custom_line_height elementor-element-custom_font_family elementor-element-custom_font_weight elementor-element-custom_color elementor-element elementor-element-10ec4bc elementor-widget elementor-widget-text-editor\" data-id=\"10ec4bc\" data-element_type=\"widget\" data-widget_type=\"text-editor.default\">\n\t\t\t\t<div class=\"elementor-widget-container\">\n\t\t\t\t\t\t\t\t\t<p>Address<\/p>\t\t\t\t\t\t\t\t<\/div>\n\t\t\t\t<\/div>\n\t\t\t\t<div class=\"elementor-element-custom_color elementor-element elementor-element-ce043b1 elementor-widget elementor-widget-text-editor\" data-id=\"ce043b1\" data-element_type=\"widget\" data-widget_type=\"text-editor.default\">\n\t\t\t\t<div class=\"elementor-widget-container\">\n\t\t\t\t\t\t\t\t\t<p><span>777 NW 72nd Ave <\/span><span>Suite 1075 \u2013 131<\/span><br \/><span>Miami, FL 33126<\/span><\/p>\t\t\t\t\t\t\t\t<\/div>\n\t\t\t\t<\/div>\n\t\t\t\t<\/div>\n\t\t<div class=\"elementor-element elementor-element-44da552 e-con-full e-flex e-con e-child\" data-id=\"44da552\" data-element_type=\"container\">\n\t\t\t\t<div class=\"elementor-element-custom_font_size elementor-element-custom_line_height elementor-element-custom_font_family elementor-element-custom_font_weight elementor-element-custom_color elementor-element elementor-element-1bf6a47 elementor-widget elementor-widget-text-editor\" data-id=\"1bf6a47\" data-element_type=\"widget\" data-widget_type=\"text-editor.default\">\n\t\t\t\t<div class=\"elementor-widget-container\">\n\t\t\t\t\t\t\t\t\tsocial\t\t\t\t\t\t\t\t<\/div>\n\t\t\t\t<\/div>\n\t\t\t\t<div class=\"elementor-element elementor-element-4138348 e-grid-align-left elementor-shape-square elementor-grid-0 elementor-widget elementor-widget-social-icons\" data-id=\"4138348\" data-element_type=\"widget\" data-widget_type=\"social-icons.default\">\n\t\t\t\t<div class=\"elementor-widget-container\">\n\t\t\t\t\t\t\t<div class=\"elementor-social-icons-wrapper elementor-grid\" role=\"list\">\n\t\t\t\t\t\t\t<span class=\"elementor-grid-item\" role=\"listitem\">\n\t\t\t\t\t<a class=\"elementor-icon elementor-social-icon elementor-social-icon-facebook elementor-animation-pop elementor-repeater-item-030fd80\" href=\"https:\/\/www.facebook.com\/uppinglife.org\" target=\"_blank\">\n\t\t\t\t\t\t<span class=\"elementor-screen-only\">Facebook<\/span>\n\t\t\t\t\t\t<i class=\"fab fa-facebook\"><\/i>\t\t\t\t\t<\/a>\n\t\t\t\t<\/span>\n\t\t\t\t\t\t\t<span class=\"elementor-grid-item\" role=\"listitem\">\n\t\t\t\t\t<a class=\"elementor-icon elementor-social-icon elementor-social-icon-instagram elementor-animation-pop elementor-repeater-item-7379555\" href=\"https:\/\/www.instagram.com\/upping.life\" target=\"_blank\">\n\t\t\t\t\t\t<span class=\"elementor-screen-only\">Instagram<\/span>\n\t\t\t\t\t\t<i class=\"fab fa-instagram\"><\/i>\t\t\t\t\t<\/a>\n\t\t\t\t<\/span>\n\t\t\t\t\t<\/div>\n\t\t\t\t\t\t<\/div>\n\t\t\t\t<\/div>\n\t\t\t\t<\/div>\n\t\t\t\t<\/div>\n\t\t\t\t<\/div>\n\t\t\t\t<\/div>","protected":false},"excerpt":{"rendered":"<p>Conversemos Contacto \u201cPor Una Honduras Feliz es una ONGD con personer\u00eda jur\u00eddica en Honduras desde 2018, nacida como el brazo de responsabilidad social de UPPING LIFE y hoy plataforma nacional de transformaci\u00f3n\u201d Por una Honduras Feliz La transformaci\u00f3n comienza con una conversaci\u00f3n. Escr\u00edbenos y trabajemos juntos para construir una Honduras m\u00e1s feliz. Conversemos Cont\u00e1ctanos email [&hellip;]<\/p>","protected":false},"author":1,"featured_media":0,"parent":0,"menu_order":0,"comment_status":"closed","ping_status":"closed","template":"","meta":{"footnotes":""},"class_list":["post-12225","page","type-page","status-publish","hentry"],"_links":{"self":[{"href":"https:\/\/upping.life\/en\/wp-json\/wp\/v2\/pages\/12225","targetHints":{"allow":["GET"]}}],"collection":[{"href":"https:\/\/upping.life\/en\/wp-json\/wp\/v2\/pages"}],"about":[{"href":"https:\/\/upping.life\/en\/wp-json\/wp\/v2\/types\/page"}],"author":[{"embeddable":true,"href":"https:\/\/upping.life\/en\/wp-json\/wp\/v2\/users\/1"}],"replies":[{"embeddable":true,"href":"https:\/\/upping.life\/en\/wp-json\/wp\/v2\/comments?post=12225"}],"version-history":[{"count":13,"href":"https:\/\/upping.life\/en\/wp-json\/wp\/v2\/pages\/12225\/revisions"}],"predecessor-version":[{"id":12695,"href":"https:\/\/upping.life\/en\/wp-json\/wp\/v2\/pages\/12225\/revisions\/12695"}],"wp:attachment":[{"href":"https:\/\/upping.life\/en\/wp-json\/wp\/v2\/media?parent=12225"}],"curies":[{"name":"wp","href":"https:\/\/api.w.org\/{rel}","templated":true}]}}