{"id":12287,"date":"2025-09-04T19:15:14","date_gmt":"2025-09-05T01:15:14","guid":{"rendered":"https:\/\/upping.life\/?page_id=12287"},"modified":"2025-09-09T17:36:16","modified_gmt":"2025-09-09T23:36:16","slug":"acceso-porunahondurasfeliz","status":"publish","type":"page","link":"https:\/\/upping.life\/en\/acceso-porunahondurasfeliz\/","title":{"rendered":"Member Access \u2013 For a Happy Honduras"},"content":{"rendered":"<div data-elementor-type=\"wp-page\" data-elementor-id=\"12287\" class=\"elementor elementor-12287\" data-elementor-post-type=\"page\">\n\t\t\t\t<div class=\"elementor-element elementor-element-2639990e e-con-full e-flex e-con e-parent\" data-id=\"2639990e\" data-element_type=\"container\" data-settings=\"{&quot;background_background&quot;:&quot;video&quot;,&quot;background_play_on_mobile&quot;:&quot;yes&quot;,&quot;animation&quot;:&quot;none&quot;}\">\n\t\t<div class=\"elementor-element elementor-element-7b52e07 e-con-full e-flex e-con e-child\" data-id=\"7b52e07\" data-element_type=\"container\">\n\t\t<div class=\"elementor-element elementor-element-73aff10d e-con-full e-grid e-con e-child\" data-id=\"73aff10d\" data-element_type=\"container\">\n\t\t<div class=\"elementor-element elementor-element-3228f82e e-con-full e-flex e-con e-child\" data-id=\"3228f82e\" data-element_type=\"container\">\n\t\t\t\t<div class=\"elementor-element-custom_font_size elementor-element-custom_line_height elementor-element-custom_font_weight elementor-element-custom_color elementor-element elementor-element-297e8768 elementor-widget__width-initial elementor-widget elementor-widget-text-editor\" data-id=\"297e8768\" data-element_type=\"widget\" data-widget_type=\"text-editor.default\">\n\t\t\t\t<div class=\"elementor-widget-container\">\n\t\t\t\t\t\t\t\t\tAn exclusive space for our community.\t\t\t\t\t\t\t\t<\/div>\n\t\t\t\t<\/div>\n\t\t\t\t<div class=\"elementor-element-custom_font_size elementor-element-custom_font_size_tablet elementor-element-custom_line_height elementor-element-custom_font_weight elementor-element-custom_color elementor-element elementor-element-c6c07a2 elementor-widget elementor-widget-text-editor\" data-id=\"c6c07a2\" data-element_type=\"widget\" data-widget_type=\"text-editor.default\">\n\t\t\t\t<div class=\"elementor-widget-container\">\n\t\t\t\t\t\t\t\t\tWe&#039;ve created an exclusive portal for our members: volunteers, ambassadors, allies, and directors who are actively involved in the national transformation. In this space, you&#039;ll find advance reports, training sessions, materials, and a networking environment to continue growing together.\t\t\t\t\t\t\t\t<\/div>\n\t\t\t\t<\/div>\n\t\t\t\t<div class=\"gt3-core-button--alignment_left elementor-element elementor-element-07de301 gt3-button-no-border elementor-hidden-mobile elementor-widget elementor-widget-gt3-core-button\" data-id=\"07de301\" data-element_type=\"widget\" data-widget_type=\"gt3-core-button.default\">\n\t\t\t\t<div class=\"elementor-widget-container\">\n\t\t\t\t\t\t<div class=\"gt3_module_button_elementor size_normal alignment_left button_icon_icon hover_none rounded\">\r\n\t\t<a class=\"button_size_elementor_normal alignment_left border_icon_icon hover_none btn_icon_position_right\" href=\"https:\/\/miembros.porunahondurasfeliz.org\/tucuenta\/\">\r\n\t\t\t\t<span class=\"gt3_module_button__container\">\r\n\t\t\t\t\t\t\t\t\t\t\t<span class=\"gt3_module_button__cover front\"><span class=\"elementor_gt3_btn_text\">Member access<\/span><span class=\"elementor_btn_icon_container\"><span class=\"elementor_gt3_btn_icon\"><\/span><\/span><\/span>\r\n\t\t\t\t\t\t\t\t\t\t\t\t\t\t\t<\/span>\r\n\t\t<\/a>\r\n\t<\/div>\r\n\r\n<script type=\"application\/json\" id=\"settings--07de301\">[]<\/script>\t\t\t\t<\/div>\n\t\t\t\t<\/div>\n\t\t\t\t<\/div>\n\t\t<div class=\"elementor-element elementor-element-5f2f55e9 e-con-full e-flex e-con e-child\" data-id=\"5f2f55e9\" data-element_type=\"container\">\n\t\t\t\t<\/div>\n\t\t\t\t<\/div>\n\t\t\t\t<\/div>\n\t\t\t\t<\/div>\n\t\t\t\t<\/div>","protected":false},"excerpt":{"rendered":"<p>Un espacio exclusivo para nuestra comunidad.Hemos creado un portal exclusivo para nuestros miembros: voluntarios, embajadores, aliados y directores que forman parte activa de la transformaci\u00f3n nacional. En este espacio encontrar\u00e1n informes adelantados, capacitaciones, materiales y un entorno de conexi\u00f3n para seguir creciendo juntos. Acceso a miembros<\/p>","protected":false},"author":1,"featured_media":0,"parent":0,"menu_order":0,"comment_status":"closed","ping_status":"closed","template":"","meta":{"footnotes":""},"class_list":["post-12287","page","type-page","status-publish","hentry"],"_links":{"self":[{"href":"https:\/\/upping.life\/en\/wp-json\/wp\/v2\/pages\/12287","targetHints":{"allow":["GET"]}}],"collection":[{"href":"https:\/\/upping.life\/en\/wp-json\/wp\/v2\/pages"}],"about":[{"href":"https:\/\/upping.life\/en\/wp-json\/wp\/v2\/types\/page"}],"author":[{"embeddable":true,"href":"https:\/\/upping.life\/en\/wp-json\/wp\/v2\/users\/1"}],"replies":[{"embeddable":true,"href":"https:\/\/upping.life\/en\/wp-json\/wp\/v2\/comments?post=12287"}],"version-history":[{"count":10,"href":"https:\/\/upping.life\/en\/wp-json\/wp\/v2\/pages\/12287\/revisions"}],"predecessor-version":[{"id":12704,"href":"https:\/\/upping.life\/en\/wp-json\/wp\/v2\/pages\/12287\/revisions\/12704"}],"wp:attachment":[{"href":"https:\/\/upping.life\/en\/wp-json\/wp\/v2\/media?parent=12287"}],"curies":[{"name":"wp","href":"https:\/\/api.w.org\/{rel}","templated":true}]}}